{"id":15594,"date":"2020-12-17T11:16:20","date_gmt":"2020-12-17T11:16:20","guid":{"rendered":"https:\/\/www.devon.gov.uk\/coronavirus-advice-in-devon\/testing-and-support-in-polish\/"},"modified":"2021-04-14T16:51:49","modified_gmt":"2021-04-14T15:51:49","slug":"testing-and-support-in-polish","status":"publish","type":"page","link":"https:\/\/www.devon.gov.uk\/coronavirus-advice-in-devon\/translated-resources\/testing-and-support-in-polish\/","title":{"rendered":"Testing and support in Polish"},"content":{"rendered":"<h2>Jak zatrzyma\u0107 rozprzestrzenianie si\u0119 Covid-19 (koronawirusa) \u2013 testowanie i wsparcie<\/h2>\n<h3>Test na Covid-19 \u2013 jak zam\u00f3wi\u0107?<\/h3>\n<p>Je\u017celi wyst\u0119puj\u0105 objawy, nale\u017cy jak najszybciej zrobi\u0107 test, aby zbada\u0107 obecno\u015b\u0107 Covid-19 (koronawirusa).<\/p>\n<p>Test jest bezp\u0142atny i prosty.<\/p>\n<p>Test mo\u017cna zam\u00f3wi\u0107 online na stronie <a href=\"https:\/\/www.gov.uk\/get-coronavirus-test\" rel=\"noopener\">gov.uk\/get-coronavirus-test<\/a><\/p>\n<p>W przypadku problem\u00f3w w trakcie korzystania z us\u0142ugi online (dla Anglii) nale\u017cy:<\/p>\n<ul>\n<li>Zadzwoni\u0107 pod 119<\/li>\n<li>Aby uzyska\u0107 dost\u0119p do t\u0142umacza, zadzwoni\u0107 pod 119, wybra\u0107 1, wybra\u0107 2.<\/li>\n<li>Osoby nies\u0142ysz\u0105ce (u\u017cytkownicy j\u0119zyka migowego) mog\u0105 skorzysta\u0107 ze strony <a href=\"http:\/\/www.interpreternow.co.uk\/nhs119\" rel=\"noopener\">www.interpreternow.co.uk\/nhs119<\/a><\/li>\n<\/ul>\n<p>Do testu mo\u017cna przyst\u0105pi\u0107:<\/p>\n<ul>\n<li>w pobliskim o\u015brodku testowym<\/li>\n<li>za pomoc\u0105 domowego zestawu testowego, je\u015bli nie mo\u017cna dojecha\u0107 do o\u015brodka testowego (zajmuje to wi\u0119cej czasu).<\/li>\n<\/ul>\n<p>Lokalizacj\u0119 mo\u017cna ustali\u0107 podczas zamawiania testu.<\/p>\n<p>Nie mo\u017cna korzysta\u0107 z transportu publicznego lub taks\u00f3wki, aby dojecha\u0107 do o\u015brodka testowego. Nie mo\u017cna odwiedza\u0107 innych miejsc lub os\u00f3b.<\/p>\n<p>Personel o\u015brodka testowego ma dost\u0119p do t\u0142umaczy telefonicznych oraz t\u0142umaczy BSL przez wideo.<\/p>\n<p>Test nale\u017cy wykona\u0107 w ci\u0105gu pierwszych 8 dni od wyst\u0105pienia objaw\u00f3w lub w ci\u0105gu 4 dni, je\u017celi test jest wykonywany w domu.<\/p>\n<p>Test polega na pobraniu wymazu z wn\u0119trza nosa i z tylnej cz\u0119\u015bci gard\u0142a za pomoc\u0105 d\u0142ugiego wacika.<\/p>\n<p>Wyniki zostan\u0105 przekazane SMS-em, telefonicznie lub mailem.<\/p>\n<p>Informacje na temat testu, zebrane przez us\u0142ug\u0119 NHS Test and Trace, s\u0105 traktowane jako poufne, zgodnie ze \u015bcis\u0142ymi zasadami ochrony danych oraz s\u0105 oddzielne od dokumentacji medycznej NHS.<\/p>\n<p>Niezale\u017cnie od statusu imigracyjnego, przys\u0142uguje bezp\u0142atny test i bezp\u0142atne leczenie Covid-19 w ramach NHS w UK \u2013 nie s\u0105 wymagane \u017cadne kontrole imigracyjne.<\/p>\n<p>Nale\u017cy pami\u0119ta\u0107:<\/p>\n<ul>\n<li>Aby szybko zam\u00f3wi\u0107 test, je\u017celi pojawi si\u0119 kaszel, wysoka temperatura, zmiana lub utrata smaku lub zapachu.<\/li>\n<li>Nale\u017cy podda\u0107 si\u0119 kwarantannie domowej w oczekiwaniu na wynik testu lub je\u015bli wynik jest pozytywny (wyst\u0119puje koronawirus).<\/li>\n<\/ul>\n<p>Prosimy zapozna\u0107 si\u0119 z innymi ulotkami, aby uzyska\u0107 wi\u0119cej informacji.<\/p>\n<h3>Test and Trace \u2013 co si\u0119 stanie w przypadku kontaktu z osob\u0105, kt\u00f3ra ma Covid-19?<\/h3>\n<p>Je\u015bli wynik testu na obecno\u015b\u0107 Covid-19 b\u0119dzie pozytywny, us\u0142uga Test and Trace skontaktuje si\u0119, aby zapyta\u0107 o osoby, z kt\u00f3rymi by\u0142o si\u0119 w bliskim kontakcie w ci\u0105gu 2 dni od rozpocz\u0119cia si\u0119 objaw\u00f3w.<\/p>\n<p>Us\u0142uga Test and Trace:<\/p>\n<ul>\n<li>zadzwoni z numeru <a href=\"tel:03000135000\">0300 013 5000<\/a> lub<\/li>\n<li>wy\u015ble wiadomo\u015b\u0107 sms od nadawcy \u2018NHStracing\u2019<\/li>\n<li>poprosi o zalogowanie si\u0119 na stronie www.contact-tracing.phe.gov.uk, je\u015bli to mo\u017cliwe<\/li>\n<\/ul>\n<p>Us\u0142uga zapyta o:<\/p>\n<ul>\n<li>pe\u0142ne imi\u0119 i nazwisko, dat\u0119 urodzenia oraz kod pocztowy miejsca zamieszkania<\/li>\n<li>wszelkie wyst\u0119puj\u0105ce objawy Covid-19<\/li>\n<li>podanie imienia i nazwiska oraz\/lub adresu e-mail do os\u00f3b, z kt\u00f3rymi mia\u0142o si\u0119 bliski kontakt oraz, czy osoby, z kt\u00f3rymi by\u0142o si\u0119 w kontakcie, maj\u0105 mniej ni\u017c 18 lat lub mieszkaj\u0105 poza Angli\u0105.<\/li>\n<li>Wyja\u015bni, co rozumie przez \u2018bliski kontakt\u2019.<\/li>\n<li>Przeka\u017ce osobom, z kt\u00f3rymi by\u0142o si\u0119 w bliskim kontakcie, aby podda\u0142y si\u0119 kwarantannie domowej.<\/li>\n<\/ul>\n<p>Test and Trace nie powie, kto im udzieli\u0142 informacji, a dane pozostan\u0105 poufne.<\/p>\n<p>Us\u0142uga nigdy nie poprosi o to, aby:<\/p>\n<ul>\n<li>zadzwoni\u0107 pod numer telefonu o podwy\u017cszonej op\u0142acie (na przyk\u0142ad numery zaczynaj\u0105ce si\u0119 od 09 lub 087)<\/li>\n<li>pobra\u0107 oprogramowanie lub przej\u0105\u0107 kontrol\u0119 nad komputerem<\/li>\n<li>zap\u0142aci\u0107 za co\u015b lub poda\u0107 dane do konta bankowego lub karty kredytowej<\/li>\n<li>poda\u0107 has\u0142a, numery PIN lub to\u017csamo\u015b\u0107 w kontach spo\u0142eczno\u015bciowych<\/li>\n<li>wej\u015b\u0107 na dowoln\u0105 stron\u0119 internetow\u0105 inn\u0105 ni\u017c to gov.uk lub nhs.uk.<\/li>\n<\/ul>\n<p>Us\u0142uga Test and Trace mo\u017ce tak\u017ce zadzwoni\u0107 lub wys\u0142a\u0107 smsa, je\u017celi odkryje, \u017ce mia\u0142 miejsce kontakt z osob\u0105 z Covid-19, poinformuje o kontakcie z tak\u0105 osob\u0105 oraz, \u017ce o konieczno\u015bci poddania si\u0119 kwarantannie domowej przez 10 dni.<\/p>\n<p>Podczas tych 10 dni, je\u015bli wyst\u0105pi\u0105 objawy, nale\u017cy zorganizowa\u0107 wykonanie testu.<\/p>\n<h3>Pomoc i wsparcie \u2013 jaka pomoc jest dost\u0119pna w trakcie kwarantanny domowej?<\/h3>\n<p>W przypadku pozytywnego testu na koronawirusa lub konieczno\u015bci poddania si\u0119 kwarantannie domowej z powodu bliskiego kontaktu z osob\u0105 z koronawirusem, nale\u017cy powiedzie\u0107 pracodawcy, \u017ce nie mo\u017cna przyj\u015b\u0107 do pracy.<\/p>\n<p>Za\u015bwiadczenie o izolacji mo\u017cna otrzyma\u0107 na stronie <a href=\"http:\/\/www.111.nhs.uk\/isolation-note\" rel=\"noopener\">www.111.nhs.uk\/isolation-note<\/a>.<\/p>\n<p>Je\u017celi nie mo\u017cna otrzyma\u0107 zasi\u0142ku chorobowego od pracodawcy, mo\u017cliwe jest uzyskanie \u015bwiadcze\u0144 takich jak Ustawowy Zasi\u0142ek Chorobowy (SSP) od pierwszego dnia kwarantanny.<\/p>\n<p>Je\u015bli nie przys\u0142uguje Ustawowy Zasi\u0142ek Chorobowy (na przyk\u0142ad w przypadku samozatrudnienia) mo\u017ce przys\u0142ugiwa\u0107 Univeral Credit lub Employment and Support Allowance (ESA).<\/p>\n<p>Prosimy odwiedzi\u0107 stron\u0119 <a href=\"https:\/\/www.gov.uk\/statutory-sick-pay\/eligibility\" rel=\"noopener\">www.gov.uk\/statutory-sick-pay\/eligibility<\/a> w celu uzyskania wi\u0119cej informacji, a w celu uzyskania niezale\u017cnej porady i pomocy prosimy zadzwoni\u0107 na Infolini\u0119 dla Klient\u00f3w Biura Porad Obywatelskich: <a href=\"http:\/\/Tel:08001448848\">0800 144 8848<\/a>\u00a0(9:00 do 17:00, od poniedzia\u0142ku do pi\u0105tku) i wybra\u0107 4. (Dost\u0119pni s\u0105 t\u0142umacze telefoniczni).<\/p>\n<p>Je\u017celi potrzebne jest jedzenie lub lekarstwa, nale\u017cy robi\u0107 zakupy online, je\u017celi mo\u017cna, oraz prosi\u0107 o pozostawienie zakup\u00f3w do odebrania na zewn\u0105trz domu, jak na przyk\u0142ad na wycieraczce.<\/p>\n<p>Je\u017celi robienie zakup\u00f3w online nie jest mo\u017cliwe i potrzebna jest pomoc w zdobyciu \u017cywno\u015bci lub lekarstw, albo potrzebna jest pomoc finansowa, organizacje spo\u0142eczne w okolicy mog\u0105 pom\u00f3c.<\/p>\n<p>Je\u015bli nie wiadomo do kt\u00f3rych organizacji si\u0119 zg\u0142osi\u0107, nale\u017cy skontaktowa\u0107 si\u0119 z miejscow\u0105 rad\u0105. ko\u015bcio\u0142em lub grup\u0105 wyznaniow\u0105, albo poprosi\u0107 przyjaci\u00f3\u0142 o pomoc (nale\u017cy do nich zadzwoni\u0107 lub wys\u0142a\u0107 maila).<\/p>\n<p>Je\u017celi stan zdrowia na to pozwala, nale\u017cy pozostawa\u0107 aktywnym w domu i stara\u0107 si\u0119 czym\u015b zaj\u0105\u0107.<\/p>\n<h3>Pomoc i wsparcie podczas pandemii koronawirusa \u2013 informacje dla mieszka\u0144c\u00f3w Devon<\/h3>\n<p>W przypadku z\u0142ego stanu zdrowia lub potrzeba jest porada na temat objaw\u00f3w koronawirusa, nale\u017cy zadzwoni\u0107 na 111 lub odwidzie\u0107 stron\u0119 111.nhs.uk<\/p>\n<p>Je\u015bli potrzebna jest pomoc z \u017cywno\u015bci\u0105, pieni\u0119dzmi, lekarstwami lub potrzebna jest inna porada lub pomoc, nale\u017cy odwiedzi\u0107 stron\u0119 <a href=\"http:\/\/www.devon.gov.uk\/coronavirus-advice-in-devon\/communities\">www.devon.gov.uk\/coronavirus-advice-in-devon\/communities<\/a><\/p>\n<p>Lub zadzwoni\u0107 na Infolini\u0119 District Council Community Hub Support:<\/p>\n<ul>\n<li>Wschodni Devon: <a href=\"tel:01395571500\">01395 571500<\/a><\/li>\n<li>Exeter: <a href=\"tel:01392265000\">01392 265000<\/a><\/li>\n<li>\u015arodkowy Devon: <a href=\"tel:01884234387\">01884 234387<\/a><\/li>\n<li>P\u00f3\u0142nocny Devon: <a href=\"tel:01271388280\">01271 388280<\/a><\/li>\n<li>South Hams: <a href=\"tel:01803861297\">01803 861297<\/a><\/li>\n<li>Teignbridge: <a href=\"tel:01626215512\">01626 215512<\/a><\/li>\n<li>Torridge: <a href=\"tel:01237428700\">01237 428700<\/a><\/li>\n<li>Zachodni Devon: <a href=\"tel:01822813683\">01822 813683<\/a><\/li>\n<\/ul>\n<p>Aby uzyska\u0107 bezp\u0142atne, bezstronne i poufne porady, kt\u00f3re pomog\u0105 przezwyci\u0119\u017cy\u0107 problemy, w tym porady dotycz\u0105ce \u015bwiadcze\u0144, prosimy odwiedzi\u0107 stron\u0119 <a href=\"https:\/\/www.cabdevon.org.uk\/\" rel=\"noopener\">www.cabdevon.org.uk<\/a> lub zadzwoni\u0107 na Infolini\u0119 dla Klient\u00f3w Biura Porad Obywatelskich: <a href=\"http:\/\/Tel:08001448848\">0800 144 8848<\/a> (9:00 do 17:00, od poniedzia\u0142ku do pi\u0105tku). Wybra\u0107 4.<\/p>\n<p>Ewentualnie, je\u015bli potrzebna jest inna pomoc z powodu izolacji, prosimy zadzwoni\u0107 na Infolini\u0119 Alarmow\u0105 ds. Koronawirusa w Devon <a href=\"tel:03451551011\">0345 155 1011<\/a> (czynne od poniedzia\u0142ku do pi\u0105tku 8:00 \u2013 20:00 i w soboty 9:00-13:00).<\/p>\n<p>Prosimy pozosta\u0107 na linii, aby porozmawia\u0107 z doradc\u0105. Doradcy maj\u0105 dost\u0119p do t\u0142umaczy telefonicznych.<\/p>\n<p>Osoby nies\u0142ysz\u0105ce mog\u0105 skorzysta\u0107 z InterpretersLive na stronie:<br \/>\n<a href=\"http:\/\/www.devon.gov.uk\/help\/contact-us\/british-sign-language\">www.devon.gov.uk\/help\/contact-us\/british-sign-language<\/a><\/p>\n<p>Baza danych organizacji spo\u0142ecznych w Devon, prosimy odwiedzi\u0107 stron\u0119: <a href=\"http:\/\/devon.cc\/communitygroups\" rel=\"noopener\">devon.cc\/communitygroups<\/a>.<\/p>\n","protected":false},"excerpt":{"rendered":"<p>Jak zatrzyma\u0107 rozprzestrzenianie si\u0119 Covid-19 (koronawirusa) \u2013 testowanie i wsparcie Test na Covid-19 \u2013 jak zam\u00f3wi\u0107? Je\u017celi wyst\u0119puj\u0105 objawy, nale\u017cy jak najszybciej zrobi\u0107 test, aby zbada\u0107 obecno\u015b\u0107 Covid-19 (koronawirusa). Test jest bezp\u0142atny i prosty. Test mo\u017cna zam\u00f3wi\u0107 online na stronie gov.uk\/get-coronavirus-test W przypadku problem\u00f3w w trakcie korzystania z us\u0142ugi online (dla Anglii) nale\u017cy: Zadzwoni\u0107 pod [&hellip;]<\/p>\n","protected":false},"author":8,"featured_media":0,"parent":15893,"menu_order":38,"comment_status":"closed","ping_status":"closed","template":"","meta":{"_acf_changed":false,"footnotes":"","_links_to":"","_links_to_target":""},"class_list":["post-15594","page","type-page","status-publish","hentry"],"acf":[],"publishpress_future_action":{"enabled":false,"date":"2026-04-11 13:45:17","action":"change-status","newStatus":"draft","terms":[],"taxonomy":"","extraData":[]},"publishpress_future_workflow_manual_trigger":{"enabledWorkflows":[]},"_links":{"self":[{"href":"https:\/\/www.devon.gov.uk\/coronavirus-advice-in-devon\/wp-json\/wp\/v2\/pages\/15594","targetHints":{"allow":["GET"]}}],"collection":[{"href":"https:\/\/www.devon.gov.uk\/coronavirus-advice-in-devon\/wp-json\/wp\/v2\/pages"}],"about":[{"href":"https:\/\/www.devon.gov.uk\/coronavirus-advice-in-devon\/wp-json\/wp\/v2\/types\/page"}],"author":[{"embeddable":true,"href":"https:\/\/www.devon.gov.uk\/coronavirus-advice-in-devon\/wp-json\/wp\/v2\/users\/8"}],"replies":[{"embeddable":true,"href":"https:\/\/www.devon.gov.uk\/coronavirus-advice-in-devon\/wp-json\/wp\/v2\/comments?post=15594"}],"version-history":[{"count":6,"href":"https:\/\/www.devon.gov.uk\/coronavirus-advice-in-devon\/wp-json\/wp\/v2\/pages\/15594\/revisions"}],"predecessor-version":[{"id":16967,"href":"https:\/\/www.devon.gov.uk\/coronavirus-advice-in-devon\/wp-json\/wp\/v2\/pages\/15594\/revisions\/16967"}],"up":[{"embeddable":true,"href":"https:\/\/www.devon.gov.uk\/coronavirus-advice-in-devon\/wp-json\/wp\/v2\/pages\/15893"}],"wp:attachment":[{"href":"https:\/\/www.devon.gov.uk\/coronavirus-advice-in-devon\/wp-json\/wp\/v2\/media?parent=15594"}],"curies":[{"name":"wp","href":"https:\/\/api.w.org\/{rel}","templated":true}]}}